{"id":39,"date":"2023-01-16T13:14:25","date_gmt":"2023-01-16T13:14:25","guid":{"rendered":"https:\/\/activityholidaysitaly.com\/about-us\/"},"modified":"2023-09-15T10:58:45","modified_gmt":"2023-09-15T10:58:45","slug":"uber-uns","status":"publish","type":"page","link":"https:\/\/activityholidaysitaly.com\/de\/about-us\/","title":{"rendered":"\u00dcber uns"},"content":{"rendered":"<p>Wir sind stolz darauf <strong>eines der am schnellsten wachsenden Abenteuerunternehmen in Europa<\/strong>und wir freuen uns, Sie auf unserer Website begr\u00fc\u00dfen zu d\u00fcrfen.<\/p>\n\n\n\n<p>Als Unternehmen, das bereits eine starke Pr\u00e4senz in anderen europ\u00e4ischen L\u00e4ndern aufgebaut hat, war es f\u00fcr uns nur logisch, nach Italien zu expandieren, wo wir noch mehr Menschen Zugang zu Aktivurlauben bieten k\u00f6nnen, die f\u00fcr alle Fitness- und Abenteuerniveaus geeignet sind, ganz gleich, ob man ein entspanntes Tempo oder eine anspruchsvolle Herausforderung bevorzugt.<\/p>\n\n\n\n<p>Unsere Leidenschaft f\u00fcr Italien und seine reichen, vielf\u00e4ltigen Regionen hat uns dazu gebracht, unvergessliche Erlebnisse f\u00fcr unsere G\u00e4ste zu schaffen und das Beste aus den <strong>unz\u00e4hlige M\u00f6glichkeiten f\u00fcr Abenteuer<\/strong> und Entdeckungen, die dieses sch\u00f6ne Land zu bieten hat.<\/p>\n\n\n\n<p>Von der magischen K\u00fcste der Cinque Terre bis zu den majest\u00e4tischen Vulkanen Siziliens, <strong>Italiens vielf\u00e4ltige Landschaft<\/strong> bietet den perfekten Spielplatz f\u00fcr eine Vielzahl von Aktivit\u00e4ten.<\/p>\n\n\n\n<figure class=\"wp-block-image size-large\"><img loading=\"lazy\" decoding=\"async\" width=\"1024\" height=\"682\" src=\"https:\/\/activityholidaysitaly.com\/wp-content\/uploads\/tuscan-countryside-1-1024x682.webp\" alt=\"Die toskanische Landschaft\" class=\"wp-image-1180\" srcset=\"https:\/\/activityholidaysitaly.com\/wp-content\/uploads\/tuscan-countryside-1-1024x682.webp 1024w, https:\/\/activityholidaysitaly.com\/wp-content\/uploads\/tuscan-countryside-1-600x399.webp 600w, https:\/\/activityholidaysitaly.com\/wp-content\/uploads\/tuscan-countryside-1-300x200.webp 300w, https:\/\/activityholidaysitaly.com\/wp-content\/uploads\/tuscan-countryside-1-768x511.webp 768w, https:\/\/activityholidaysitaly.com\/wp-content\/uploads\/tuscan-countryside-1-1536x1022.webp 1536w, https:\/\/activityholidaysitaly.com\/wp-content\/uploads\/tuscan-countryside-1-18x12.webp 18w, https:\/\/activityholidaysitaly.com\/wp-content\/uploads\/tuscan-countryside-1.webp 1920w\" sizes=\"auto, (max-width: 1024px) 100vw, 1024px\" \/><\/figure>\n\n\n\n<h2 class=\"wp-block-heading\">Treffen Sie unser Team<\/h2>\n\n\n\n<p>Unser au\u00dfergew\u00f6hnliches Team besteht aus enthusiastischen Menschen, die nicht nur begeisterte<strong> Liebhaber von Outdoor-Aktivit\u00e4ten<\/strong> Radfahren und Wandern, sondern haben auch eine <strong>tiefe Wertsch\u00e4tzung f\u00fcr die kulinarischen K\u00f6stlichkeiten Italiens<\/strong>wie Essen und Wein. Unser Hauptziel ist es, Ihnen dabei zu helfen, genauso viel Spa\u00df zu haben wie wir und sicherzustellen, dass Sie die Sch\u00f6nheit und Aufregung erleben, die Italien zu bieten hat.<\/p>\n\n\n\n<p>Und das geht nicht, ohne den ganzen Stress bei der Planung eines solchen Urlaubs zu beseitigen. <strong>Wir k\u00fcmmern uns um die gesamte Logistik<\/strong> damit Sie sich auf Ihr Abenteuer konzentrieren k\u00f6nnen.<\/p>\n\n\n\n<p>Von der Buchung von Unterk\u00fcnften \u00fcber die Ausarbeitung detaillierter Reisepl\u00e4ne bis hin zur Bereitstellung von GPS-Routen sorgen wir daf\u00fcr, dass jeder Aspekt Ihrer Reise gut geplant und ausgef\u00fchrt wird. Unser 24\/7-Support bedeutet, dass Sie sich w\u00e4hrend Ihres gesamten Urlaubs auf uns verlassen k\u00f6nnen. So k\u00f6nnen Sie in aller Ruhe die atemberaubenden Landschaften Italiens erkunden und in die reiche Kultur des Landes eintauchen.<\/p>\n\n\n\n<figure class=\"wp-block-image size-large\"><img decoding=\"async\" src=\"https:\/\/activityholidaysitaly.com\/wp-content\/uploads\/vespa-tour-2-1024x553.webp\" alt=\"Vespa-Tour\" class=\"wp-image-1181\"\/><\/figure>\n\n\n\n<h2 class=\"wp-block-heading\">Entdecken Sie Ihren perfekten Aktivurlaub<\/h2>\n\n\n\n<p>Egal, ob Sie allein, zu zweit, mit der Familie oder in einer Gruppe von Freunden unterwegs sind, wir laden Sie ein, die Vielfalt der von uns angebotenen Aktivurlaube zu entdecken. Jede unserer <strong>sorgf\u00e4ltig zusammengestellte Pakete<\/strong> soll das Beste von Italiens atemberaubender Natursch\u00f6nheit, seiner einzigartigen Kultur und seinen kulinarischen Sch\u00e4tzen zeigen.<\/p>\n\n\n\n<p>Von aufregenden Mountainbiketouren in den Dolomiten bis hin zu gem\u00fctlichen Weinproben in der Toskana ist f\u00fcr jeden ein Abenteuer dabei.<\/p>\n\n\n\n<p>Warten Sie nicht, um Italien wie nie zuvor zu erleben - tauchen Sie ein in unsere <a href=\"https:\/\/activityholidaysitaly.com\/de\/#products\">Auswahl an Aktivurlauben<\/a> und lassen Sie uns Ihnen helfen, Erinnerungen zu schaffen, die ein Leben lang halten. Unser engagiertes Team begleitet Sie auf Schritt und Tritt und sorgt daf\u00fcr, dass Ihre Reise mit unvergesslichen Momenten, fesselnden Sehensw\u00fcrdigkeiten und aufregenden Erlebnissen gef\u00fcllt ist. <\/p>\n\n\n\n<p>F\u00fcr diejenigen, die ein besonderes Interesse an einem Aktivurlaub in Italiens vielf\u00e4ltigen Landschaften haben, empfehlen wir\u00a0<a href=\"https:\/\/walkingholidaysitaly.com\/\">Wanderurlaub Italien<\/a>, oder <a href=\"https:\/\/cycling-holidays-italy.com\/\">Fahrradurlaub Italien<\/a>, unsere spezialisierten Plattformen f\u00fcr Wander- und Fahrradabenteuer im ganzen Land.<\/p>\n\n\n\n<p>Und wenn Sie an einem Abenteuer an einem anderen Ort interessiert sind, schauen Sie sich unsere anderen Standorte an:<\/p>\n\n\n\n<ul class=\"wp-block-list\">\n<li><a href=\"https:\/\/adventure-holidays-slovenia.com\/\">Abenteuerurlaub Slowenien<\/a><\/li>\n\n\n\n<li><a href=\"https:\/\/adventureholidaysnorway.com\/\">Abenteuerurlaub Norwegen<\/a><\/li>\n\n\n\n<li><a href=\"https:\/\/activityholidayscroatia.com\/\">Aktivurlaub Kroatien<\/a><\/li>\n<\/ul>","protected":false},"excerpt":{"rendered":"<p>Wir sind stolz darauf, eines der am schnellsten wachsenden Abenteuerunternehmen in Europa zu sein, und freuen uns, Sie auf unserer Website begr\u00fc\u00dfen zu d\u00fcrfen. Als Unternehmen, das bereits eine starke Pr\u00e4senz in anderen europ\u00e4ischen L\u00e4ndern aufgebaut hat, war es f\u00fcr uns nur logisch, nach Italien zu expandieren, wo wir noch mehr Menschen Zugang zu Aktivit\u00e4ten bieten k\u00f6nnen ... <a href=\"https:\/\/activityholidaysitaly.com\/de\/about-us\/\">Fortsetzung<\/a><\/p>","protected":false},"author":40,"featured_media":1099,"parent":0,"menu_order":0,"comment_status":"closed","ping_status":"closed","template":"","meta":{"footnotes":""},"class_list":["post-39","page","type-page","status-publish","has-post-thumbnail","hentry"],"acf":{"page_subheading":"We invite you to learn about our passionate team and commitment to creating unforgettable experiences. Let us help you plan the perfect Italian getaway today."},"_links":{"self":[{"href":"https:\/\/activityholidaysitaly.com\/de\/wp-json\/wp\/v2\/pages\/39","targetHints":{"allow":["GET"]}}],"collection":[{"href":"https:\/\/activityholidaysitaly.com\/de\/wp-json\/wp\/v2\/pages"}],"about":[{"href":"https:\/\/activityholidaysitaly.com\/de\/wp-json\/wp\/v2\/types\/page"}],"author":[{"embeddable":true,"href":"https:\/\/activityholidaysitaly.com\/de\/wp-json\/wp\/v2\/users\/40"}],"replies":[{"embeddable":true,"href":"https:\/\/activityholidaysitaly.com\/de\/wp-json\/wp\/v2\/comments?post=39"}],"version-history":[{"count":7,"href":"https:\/\/activityholidaysitaly.com\/de\/wp-json\/wp\/v2\/pages\/39\/revisions"}],"predecessor-version":[{"id":4462,"href":"https:\/\/activityholidaysitaly.com\/de\/wp-json\/wp\/v2\/pages\/39\/revisions\/4462"}],"wp:featuredmedia":[{"embeddable":true,"href":"https:\/\/activityholidaysitaly.com\/de\/wp-json\/wp\/v2\/media\/1099"}],"wp:attachment":[{"href":"https:\/\/activityholidaysitaly.com\/de\/wp-json\/wp\/v2\/media?parent=39"}],"curies":[{"name":"wp","href":"https:\/\/api.w.org\/{rel}","templated":true}]}}