{"id":39,"date":"2023-01-16T13:14:25","date_gmt":"2023-01-16T13:14:25","guid":{"rendered":"https:\/\/activityholidaysitaly.com\/about-us\/"},"modified":"2023-09-15T10:58:45","modified_gmt":"2023-09-15T10:58:45","slug":"om-os","status":"publish","type":"page","link":"https:\/\/activityholidaysitaly.com\/da\/about-us\/","title":{"rendered":"Om os"},"content":{"rendered":"<p>Vi er stolte af at v\u00e6re <strong>en af de hurtigst voksende adventure-virksomheder i Europa<\/strong>, og vi er glade for at byde dig velkommen p\u00e5 vores hjemmeside.<\/p>\n\n\n\n<p>Som en virksomhed, der allerede har etableret en st\u00e6rk tilstedev\u00e6relse i andre europ\u00e6iske lande, var det kun logisk for os at udvide til Italien, hvor vi kan tilbyde endnu flere mennesker adgang til aktivitetsferier, der henvender sig til alle niveauer af fitness og eventyr, uanset om du foretr\u00e6kker et mere afslappet tempo eller en mere kr\u00e6vende udfordring.<\/p>\n\n\n\n<p>Vores passion for Italien og dets rige, forskelligartede regioner har f\u00e5et os til at skabe uforglemmelige oplevelser for vores g\u00e6ster, hvor vi f\u00e5r mest muligt ud af de <strong>utallige muligheder for eventyr<\/strong> og opdagelser, som dette smukke land byder p\u00e5.<\/p>\n\n\n\n<p>Fra Cinque Terres magiske kyst til Siciliens majest\u00e6tiske vulkaner, <strong>Italiens varierede landskab<\/strong> er den perfekte legeplads til en bred vifte af aktiviteter.<\/p>\n\n\n\n<figure class=\"wp-block-image size-large\"><img loading=\"lazy\" decoding=\"async\" width=\"1024\" height=\"682\" src=\"https:\/\/activityholidaysitaly.com\/wp-content\/uploads\/tuscan-countryside-1-1024x682.webp\" alt=\"Det toscanske landskab\" class=\"wp-image-1180\" srcset=\"https:\/\/activityholidaysitaly.com\/wp-content\/uploads\/tuscan-countryside-1-1024x682.webp 1024w, https:\/\/activityholidaysitaly.com\/wp-content\/uploads\/tuscan-countryside-1-600x399.webp 600w, https:\/\/activityholidaysitaly.com\/wp-content\/uploads\/tuscan-countryside-1-300x200.webp 300w, https:\/\/activityholidaysitaly.com\/wp-content\/uploads\/tuscan-countryside-1-768x511.webp 768w, https:\/\/activityholidaysitaly.com\/wp-content\/uploads\/tuscan-countryside-1-1536x1022.webp 1536w, https:\/\/activityholidaysitaly.com\/wp-content\/uploads\/tuscan-countryside-1-18x12.webp 18w, https:\/\/activityholidaysitaly.com\/wp-content\/uploads\/tuscan-countryside-1.webp 1920w\" sizes=\"auto, (max-width: 1024px) 100vw, 1024px\" \/><\/figure>\n\n\n\n<h2 class=\"wp-block-heading\">M\u00f8d vores team<\/h2>\n\n\n\n<p>Vores enest\u00e5ende team best\u00e5r af entusiastiske personer, der ikke kun er ivrige<strong> entusiaster af udend\u00f8rs aktiviteter<\/strong> cykling og vandring, men ogs\u00e5 har en <strong>dyb p\u00e5sk\u00f8nnelse af Italiens kulinariske l\u00e6kkerier<\/strong>s\u00e5som mad og vin. Vores vigtigste m\u00e5l er at hj\u00e6lpe dig med at have det lige s\u00e5 sjovt, som vi har det, og sikre, at du oplever den sk\u00f8nhed og sp\u00e6nding, Italien har at byde p\u00e5.<\/p>\n\n\n\n<p>Og det kan man ikke opn\u00e5 uden at fjerne al den stress, der er forbundet med at planl\u00e6gge en ferie som denne. <strong>Vi tager os af al logistikken<\/strong> s\u00e5 du kan fokusere p\u00e5 at nyde dit eventyr.<\/p>\n\n\n\n<p>Fra booking af overnatningssteder til udarbejdelse af detaljerede rejseplaner og GPS-ruter sikrer vi, at alle aspekter af din rejse er velplanlagt og gennemf\u00f8rt. Desuden betyder vores 24\/7 support, at du kan stole p\u00e5 os under hele din ferie, hvilket giver dig ro i sindet, mens du udforsker Italiens betagende landskaber og fork\u00e6ler dig selv med dens rige kultur.<\/p>\n\n\n\n<figure class=\"wp-block-image size-large\"><img decoding=\"async\" src=\"https:\/\/activityholidaysitaly.com\/wp-content\/uploads\/vespa-tour-2-1024x553.webp\" alt=\"Vespa-tur\" class=\"wp-image-1181\"\/><\/figure>\n\n\n\n<h2 class=\"wp-block-heading\">Find din perfekte aktivitetsferie<\/h2>\n\n\n\n<p>Uanset om du rejser alene, er et par, en familie eller en gruppe venner, inviterer vi dig til at udforske de mange forskellige aktivitetsferier, vi tilbyder. Hver af vores <strong>omhyggeligt sammensatte pakker<\/strong> er designet til at fremvise det bedste af Italiens fantastiske naturlige sk\u00f8nhed, s\u00e5vel som dets unikke kultur og kulinariske skatte.<\/p>\n\n\n\n<p>Fra sp\u00e6ndende mountainbiking i Dolomitterne til afslappet vinsmagning i Toscana - der er et eventyr, der venter p\u00e5 alle.<\/p>\n\n\n\n<p>Vent ikke med at opleve Italien som aldrig f\u00f8r - dyk ned i vores <a href=\"https:\/\/activityholidaysitaly.com\/da\/#products\">udvalg af aktivitetsferier<\/a> og lad os hj\u00e6lpe dig med at skabe minder, der vil vare hele livet. Vores dedikerede team er her for at guide dig hvert skridt p\u00e5 vejen og sikre, at din rejse er fyldt med uforglemmelige \u00f8jeblikke, f\u00e6ngslende sev\u00e6rdigheder og sp\u00e6ndende oplevelser. <\/p>\n\n\n\n<p>For dem, der har en s\u00e6rlig interesse i aktivitetsferier i Italiens forskelligartede landskaber, anbefaler vi at udforske\u00a0<a href=\"https:\/\/walkingholidaysitaly.com\/\">Vandreferie i Italien<\/a>, eller <a href=\"https:\/\/cycling-holidays-italy.com\/\">Cykelferie i Italien<\/a>vores specialiserede platforme, der er dedikeret til kuraterede vandre- og cykeleventyr i hele landet.<\/p>\n\n\n\n<p>Og hvis du er interesseret i et eventyr et andet sted, s\u00e5 tjek vores andre steder:<\/p>\n\n\n\n<ul class=\"wp-block-list\">\n<li><a href=\"https:\/\/adventure-holidays-slovenia.com\/\">Eventyrferie i Slovenien<\/a><\/li>\n\n\n\n<li><a href=\"https:\/\/adventureholidaysnorway.com\/\">Eventyrferie i Norge<\/a><\/li>\n\n\n\n<li><a href=\"https:\/\/activityholidayscroatia.com\/\">Aktivitetsferier i Kroatien<\/a><\/li>\n<\/ul>","protected":false},"excerpt":{"rendered":"<p>Vi er stolte af at v\u00e6re en af de hurtigst voksende adventure-virksomheder i Europa, og vi er glade for at kunne byde dig velkommen p\u00e5 vores hjemmeside. Som en virksomhed, der allerede har etableret en st\u00e6rk tilstedev\u00e6relse i andre europ\u00e6iske lande, var det kun logisk for os at udvide til Italien, hvor vi kan tilbyde endnu flere mennesker adgang til aktivitet ... <a href=\"https:\/\/activityholidaysitaly.com\/da\/about-us\/\">Fortsat<\/a><\/p>","protected":false},"author":40,"featured_media":1099,"parent":0,"menu_order":0,"comment_status":"closed","ping_status":"closed","template":"","meta":{"footnotes":""},"class_list":["post-39","page","type-page","status-publish","has-post-thumbnail","hentry"],"acf":{"page_subheading":"We invite you to learn about our passionate team and commitment to creating unforgettable experiences. Let us help you plan the perfect Italian getaway today."},"_links":{"self":[{"href":"https:\/\/activityholidaysitaly.com\/da\/wp-json\/wp\/v2\/pages\/39","targetHints":{"allow":["GET"]}}],"collection":[{"href":"https:\/\/activityholidaysitaly.com\/da\/wp-json\/wp\/v2\/pages"}],"about":[{"href":"https:\/\/activityholidaysitaly.com\/da\/wp-json\/wp\/v2\/types\/page"}],"author":[{"embeddable":true,"href":"https:\/\/activityholidaysitaly.com\/da\/wp-json\/wp\/v2\/users\/40"}],"replies":[{"embeddable":true,"href":"https:\/\/activityholidaysitaly.com\/da\/wp-json\/wp\/v2\/comments?post=39"}],"version-history":[{"count":7,"href":"https:\/\/activityholidaysitaly.com\/da\/wp-json\/wp\/v2\/pages\/39\/revisions"}],"predecessor-version":[{"id":4462,"href":"https:\/\/activityholidaysitaly.com\/da\/wp-json\/wp\/v2\/pages\/39\/revisions\/4462"}],"wp:featuredmedia":[{"embeddable":true,"href":"https:\/\/activityholidaysitaly.com\/da\/wp-json\/wp\/v2\/media\/1099"}],"wp:attachment":[{"href":"https:\/\/activityholidaysitaly.com\/da\/wp-json\/wp\/v2\/media?parent=39"}],"curies":[{"name":"wp","href":"https:\/\/api.w.org\/{rel}","templated":true}]}}